{"id":693,"date":"2022-09-27T14:31:16","date_gmt":"2022-09-27T17:31:16","guid":{"rendered":"https:\/\/www.ffetiquetas.com.br\/?page_id=693"},"modified":"2022-09-27T14:31:16","modified_gmt":"2022-09-27T17:31:16","slug":"rotulos-personalizados","status":"publish","type":"page","link":"https:\/\/www.ffetiquetas.com.br\/blog\/rotulos-personalizados\/","title":{"rendered":"R\u00f3tulos Personalizados"},"content":{"rendered":"\n<p><strong>R\u00f3tulos personalizados<\/strong> s\u00e3o etiquetas customizadas para seu uso exclusivo. Seja para identifica\u00e7\u00e3o ou alerta ao consumidor, agregam valor ao neg\u00f3cio. O segredo da etiqueta bem feita est\u00e1 em identificar sua fun\u00e7\u00e3o, considerando exposi\u00e7\u00e3o, cola necess\u00e1ria, informa\u00e7\u00f5es e logomarca.<\/p>\n<p><strong>Etiquetas personalizadas<\/strong> podem ser feitas em diversos materiais, cada um com sua finalidade:<\/p>\n<ul>\n<li>Papel couche fosco\/brilho<\/li>\n<li>Papel couche adesivo<\/li>\n<li>BOPP adesivo transparente<\/li>\n<li>BOPP Adesivo branco fosco\/brilho<\/li>\n<li>Laminado adesivo ouro\/prata<\/li>\n<li>Poli\u00e9ster adesivo ouro\/prata<\/li>\n<li>Vinil adesivo<\/li>\n<p>&nbsp;<\/p>\n<p> \t<img decoding=\"async\" src=\"http:\/\/www.ffetiquetas.com.br\/wp-content\/uploads\/2022\/08\/000-1024x364.jpg\" alt=\"cria\u00e7\u00e3o de etiquetas personalizadas\"><\/p>\n\t<h2 id=\"block-1184930d-96b9-4d79-8a94-125d0f303eab\" tabindex=\"0\" role=\"document\" aria-multiline=\"true\" aria-label=\"Bloco: T\u00edtulo\" data-block=\"1184930d-96b9-4d79-8a94-125d0f303eab\" data-type=\"core\/heading\" data-title=\"T\u00edtulo\" contenteditable=\"true\">Alguns tipos de aplica\u00e7\u00e3o:<\/h2>\n\t<h3><strong>Ramo automotivo<\/strong><\/h3>\n\t<p>No setor automotivo, destaque-se com <strong>r\u00f3tulos de produtos<\/strong> exclusivos. Cores vivas, brilho duradouro e resist\u00eancia definem nossas etiquetas. A personaliza\u00e7\u00e3o \u00e9 elevada com verniz localizado. Sua for\u00e7a evita rasgos, mantendo a integridade e brilho. Surpreenda com r\u00f3tulos de qualidade superior.<\/p>\n\t\t\t\t<img loading=\"lazy\" decoding=\"async\" src=\"https:\/\/www.ffetiquetas.com.br\/wp-content\/uploads\/2022\/09\/perso01.png\" alt=\"R\u00f3tulo de cera automotiva\" itemprop=\"image\" title=\"perso01\" onerror=\"this.style.display='none'\" width=\"387\" height=\"973\">\n\t\t\t\t<img loading=\"lazy\" decoding=\"async\" src=\"https:\/\/www.ffetiquetas.com.br\/wp-content\/uploads\/2022\/09\/perso02.png\" alt=\"R\u00f3tulo de shampoo\" itemprop=\"image\" title=\"perso02\" onerror=\"this.style.display='none'\" width=\"1309\" height=\"1065\">\n\t<h3><strong>Higiene &amp; Cosm\u00e9ticos<br>\n<\/strong><\/h3>\n\t<p>Na ind\u00fastria de Higiene &amp; Cosm\u00e9ticos, engrande\u00e7a sua marca com os melhores <strong>r\u00f3tulos de cosm\u00e9ticos<\/strong>. \u00c0 prova d&#8217;\u00e1gua e de manchas, garantem durabilidade. Sua ader\u00eancia inigual\u00e1vel permanece intacta.<\/p>\n<p>Adicione toques dourados com impress\u00e3o por hotstamping. Escolha entre uma gama de materiais para personaliza\u00e7\u00e3o excepcional. Potencialize seus produtos com r\u00f3tulos de alta qualidade.<\/p>\n\t<h3><strong>Aliment\u00edcio<\/strong><\/h3>\n\t<p>Na ind\u00fastria aliment\u00edcia, confie em nossa expertise em <strong>r\u00f3tulos de alimentos<\/strong>. Impressos em variados materiais, permanecem intactos mesmo em contato com a umidade. Adicione um toque met\u00e1lico e tinta branca para realces especiais.<\/p>\n<p> Nossa resist\u00eancia \u00e0 fric\u00e7\u00e3o assegura a durabilidade. Escolha qualidade para seus produtos alimentares com nossos r\u00f3tulos excepcionais.<\/p>\n\t\t\t\t<img loading=\"lazy\" decoding=\"async\" src=\"https:\/\/www.ffetiquetas.com.br\/wp-content\/uploads\/2022\/09\/perso03.png\" alt=\"R\u00f3tulo de cerveja\" itemprop=\"image\" title=\"perso03\" onerror=\"this.style.display='none'\" width=\"274\" height=\"1116\">\n\t<p>Al\u00e9m de atender \u00e0s demandas espec\u00edficas de diversas ind\u00fastrias, tamb\u00e9m oferecemos solu\u00e7\u00f5es vers\u00e1teis para seu <strong>r\u00f3tulo de produto<\/strong>. Seja qual for o setor, nossa qualidade e personaliza\u00e7\u00e3o est\u00e3o prontas para elevar sua marca e destacar seus produtos no mercado.<\/p>\n<p>Esses s\u00e3o alguns dos modelos que j\u00e1 fizemos:<\/p>\n\t<p>[smartslider3 slider=&#8221;3&#8243;]<\/p>\n\t<p>Gostou?<\/p>\n\t<strong>Fale com a gente!<br>\n<\/strong>\n\t<p>Mande para n\u00f3s sua ideia.<\/p>\n<\/ul>\n","protected":false},"excerpt":{"rendered":"","protected":false},"author":1,"featured_media":577,"parent":0,"menu_order":0,"comment_status":"closed","ping_status":"closed","template":"","meta":{"footnotes":""},"class_list":["post-693","page","type-page","status-publish","has-post-thumbnail","hentry","latest_post"],"yoast_head":"<!-- This site is optimized with the Yoast SEO plugin v23.0 - https:\/\/yoast.com\/wordpress\/plugins\/seo\/ -->\n<title>R\u00f3tulos personalizados para sua marca | FF Etiquetas<\/title>\n<meta name=\"description\" content=\"R\u00f3tulos personalizados de qualidade para destacar sua marca. Conhe\u00e7a nossa solu\u00e7\u00e3o e destaque seus produtos de maneira \u00fanica e impactante. | FF Etiquetas\" \/>\n<meta name=\"robots\" content=\"index, follow, max-snippet:-1, max-image-preview:large, max-video-preview:-1\" \/>\n<link rel=\"canonical\" href=\"https:\/\/www.ffetiquetas.com.br\/blog\/rotulos-personalizados\/\" \/>\n<meta property=\"og:locale\" content=\"pt_BR\" \/>\n<meta property=\"og:type\" content=\"article\" \/>\n<meta property=\"og:title\" content=\"R\u00f3tulos personalizados para sua marca | FF Etiquetas\" \/>\n<meta property=\"og:description\" content=\"R\u00f3tulos personalizados de qualidade para destacar sua marca. Conhe\u00e7a nossa solu\u00e7\u00e3o e destaque seus produtos de maneira \u00fanica e impactante. | FF Etiquetas\" \/>\n<meta property=\"og:url\" content=\"https:\/\/www.ffetiquetas.com.br\/blog\/rotulos-personalizados\/\" \/>\n<meta property=\"og:site_name\" content=\"Blog | F&amp;F Etiquetas\" \/>\n<meta name=\"twitter:card\" content=\"summary_large_image\" \/>\n<meta name=\"twitter:label1\" content=\"Est. tempo de leitura\" \/>\n\t<meta name=\"twitter:data1\" content=\"3 minutos\" \/>\n<script type=\"application\/ld+json\" class=\"yoast-schema-graph\">{\"@context\":\"https:\/\/schema.org\",\"@graph\":[{\"@type\":\"WebPage\",\"@id\":\"https:\/\/www.ffetiquetas.com.br\/blog\/rotulos-personalizados\/\",\"url\":\"https:\/\/www.ffetiquetas.com.br\/blog\/rotulos-personalizados\/\",\"name\":\"R\u00f3tulos personalizados para sua marca | FF Etiquetas\",\"isPartOf\":{\"@id\":\"https:\/\/www.ffetiquetas.com.br\/blog\/#website\"},\"primaryImageOfPage\":{\"@id\":\"https:\/\/www.ffetiquetas.com.br\/blog\/rotulos-personalizados\/#primaryimage\"},\"image\":{\"@id\":\"https:\/\/www.ffetiquetas.com.br\/blog\/rotulos-personalizados\/#primaryimage\"},\"thumbnailUrl\":\"\",\"datePublished\":\"2022-09-27T17:31:16+00:00\",\"dateModified\":\"2022-09-27T17:31:16+00:00\",\"description\":\"R\u00f3tulos personalizados de qualidade para destacar sua marca. Conhe\u00e7a nossa solu\u00e7\u00e3o e destaque seus produtos de maneira \u00fanica e impactante. | FF Etiquetas\",\"breadcrumb\":{\"@id\":\"https:\/\/www.ffetiquetas.com.br\/blog\/rotulos-personalizados\/#breadcrumb\"},\"inLanguage\":\"pt-BR\",\"potentialAction\":[{\"@type\":\"ReadAction\",\"target\":[\"https:\/\/www.ffetiquetas.com.br\/blog\/rotulos-personalizados\/\"]}]},{\"@type\":\"ImageObject\",\"inLanguage\":\"pt-BR\",\"@id\":\"https:\/\/www.ffetiquetas.com.br\/blog\/rotulos-personalizados\/#primaryimage\",\"url\":\"\",\"contentUrl\":\"\"},{\"@type\":\"BreadcrumbList\",\"@id\":\"https:\/\/www.ffetiquetas.com.br\/blog\/rotulos-personalizados\/#breadcrumb\",\"itemListElement\":[{\"@type\":\"ListItem\",\"position\":1,\"name\":\"In\u00edcio\",\"item\":\"https:\/\/www.ffetiquetas.com.br\/blog\/\"},{\"@type\":\"ListItem\",\"position\":2,\"name\":\"R\u00f3tulos Personalizados\"}]},{\"@type\":\"WebSite\",\"@id\":\"https:\/\/www.ffetiquetas.com.br\/blog\/#website\",\"url\":\"https:\/\/www.ffetiquetas.com.br\/blog\/\",\"name\":\"Blog | F&amp;F Etiquetas\",\"description\":\"\",\"publisher\":{\"@id\":\"https:\/\/www.ffetiquetas.com.br\/blog\/#organization\"},\"potentialAction\":[{\"@type\":\"SearchAction\",\"target\":{\"@type\":\"EntryPoint\",\"urlTemplate\":\"https:\/\/www.ffetiquetas.com.br\/blog\/?s={search_term_string}\"},\"query-input\":\"required name=search_term_string\"}],\"inLanguage\":\"pt-BR\"},{\"@type\":\"Organization\",\"@id\":\"https:\/\/www.ffetiquetas.com.br\/blog\/#organization\",\"name\":\"Blog | F&amp;F Etiquetas\",\"url\":\"https:\/\/www.ffetiquetas.com.br\/blog\/\",\"logo\":{\"@type\":\"ImageObject\",\"inLanguage\":\"pt-BR\",\"@id\":\"https:\/\/www.ffetiquetas.com.br\/blog\/#\/schema\/logo\/image\/\",\"url\":\"https:\/\/www.ffetiquetas.com.br\/blog\/wp-content\/uploads\/2024\/07\/logo-1-2.png\",\"contentUrl\":\"https:\/\/www.ffetiquetas.com.br\/blog\/wp-content\/uploads\/2024\/07\/logo-1-2.png\",\"width\":820,\"height\":200,\"caption\":\"Blog | F&amp;F Etiquetas\"},\"image\":{\"@id\":\"https:\/\/www.ffetiquetas.com.br\/blog\/#\/schema\/logo\/image\/\"}}]}<\/script>\n<!-- \/ Yoast SEO plugin. -->","yoast_head_json":{"title":"R\u00f3tulos personalizados para sua marca | FF Etiquetas","description":"R\u00f3tulos personalizados de qualidade para destacar sua marca. Conhe\u00e7a nossa solu\u00e7\u00e3o e destaque seus produtos de maneira \u00fanica e impactante. | FF Etiquetas","robots":{"index":"index","follow":"follow","max-snippet":"max-snippet:-1","max-image-preview":"max-image-preview:large","max-video-preview":"max-video-preview:-1"},"canonical":"https:\/\/www.ffetiquetas.com.br\/blog\/rotulos-personalizados\/","og_locale":"pt_BR","og_type":"article","og_title":"R\u00f3tulos personalizados para sua marca | FF Etiquetas","og_description":"R\u00f3tulos personalizados de qualidade para destacar sua marca. Conhe\u00e7a nossa solu\u00e7\u00e3o e destaque seus produtos de maneira \u00fanica e impactante. | FF Etiquetas","og_url":"https:\/\/www.ffetiquetas.com.br\/blog\/rotulos-personalizados\/","og_site_name":"Blog | F&amp;F Etiquetas","twitter_card":"summary_large_image","twitter_misc":{"Est. tempo de leitura":"3 minutos"},"schema":{"@context":"https:\/\/schema.org","@graph":[{"@type":"WebPage","@id":"https:\/\/www.ffetiquetas.com.br\/blog\/rotulos-personalizados\/","url":"https:\/\/www.ffetiquetas.com.br\/blog\/rotulos-personalizados\/","name":"R\u00f3tulos personalizados para sua marca | FF Etiquetas","isPartOf":{"@id":"https:\/\/www.ffetiquetas.com.br\/blog\/#website"},"primaryImageOfPage":{"@id":"https:\/\/www.ffetiquetas.com.br\/blog\/rotulos-personalizados\/#primaryimage"},"image":{"@id":"https:\/\/www.ffetiquetas.com.br\/blog\/rotulos-personalizados\/#primaryimage"},"thumbnailUrl":"","datePublished":"2022-09-27T17:31:16+00:00","dateModified":"2022-09-27T17:31:16+00:00","description":"R\u00f3tulos personalizados de qualidade para destacar sua marca. Conhe\u00e7a nossa solu\u00e7\u00e3o e destaque seus produtos de maneira \u00fanica e impactante. | FF Etiquetas","breadcrumb":{"@id":"https:\/\/www.ffetiquetas.com.br\/blog\/rotulos-personalizados\/#breadcrumb"},"inLanguage":"pt-BR","potentialAction":[{"@type":"ReadAction","target":["https:\/\/www.ffetiquetas.com.br\/blog\/rotulos-personalizados\/"]}]},{"@type":"ImageObject","inLanguage":"pt-BR","@id":"https:\/\/www.ffetiquetas.com.br\/blog\/rotulos-personalizados\/#primaryimage","url":"","contentUrl":""},{"@type":"BreadcrumbList","@id":"https:\/\/www.ffetiquetas.com.br\/blog\/rotulos-personalizados\/#breadcrumb","itemListElement":[{"@type":"ListItem","position":1,"name":"In\u00edcio","item":"https:\/\/www.ffetiquetas.com.br\/blog\/"},{"@type":"ListItem","position":2,"name":"R\u00f3tulos Personalizados"}]},{"@type":"WebSite","@id":"https:\/\/www.ffetiquetas.com.br\/blog\/#website","url":"https:\/\/www.ffetiquetas.com.br\/blog\/","name":"Blog | F&amp;F Etiquetas","description":"","publisher":{"@id":"https:\/\/www.ffetiquetas.com.br\/blog\/#organization"},"potentialAction":[{"@type":"SearchAction","target":{"@type":"EntryPoint","urlTemplate":"https:\/\/www.ffetiquetas.com.br\/blog\/?s={search_term_string}"},"query-input":"required name=search_term_string"}],"inLanguage":"pt-BR"},{"@type":"Organization","@id":"https:\/\/www.ffetiquetas.com.br\/blog\/#organization","name":"Blog | F&amp;F Etiquetas","url":"https:\/\/www.ffetiquetas.com.br\/blog\/","logo":{"@type":"ImageObject","inLanguage":"pt-BR","@id":"https:\/\/www.ffetiquetas.com.br\/blog\/#\/schema\/logo\/image\/","url":"https:\/\/www.ffetiquetas.com.br\/blog\/wp-content\/uploads\/2024\/07\/logo-1-2.png","contentUrl":"https:\/\/www.ffetiquetas.com.br\/blog\/wp-content\/uploads\/2024\/07\/logo-1-2.png","width":820,"height":200,"caption":"Blog | F&amp;F Etiquetas"},"image":{"@id":"https:\/\/www.ffetiquetas.com.br\/blog\/#\/schema\/logo\/image\/"}}]}},"_links":{"self":[{"href":"https:\/\/www.ffetiquetas.com.br\/blog\/wp-json\/wp\/v2\/pages\/693","targetHints":{"allow":["GET"]}}],"collection":[{"href":"https:\/\/www.ffetiquetas.com.br\/blog\/wp-json\/wp\/v2\/pages"}],"about":[{"href":"https:\/\/www.ffetiquetas.com.br\/blog\/wp-json\/wp\/v2\/types\/page"}],"author":[{"embeddable":true,"href":"https:\/\/www.ffetiquetas.com.br\/blog\/wp-json\/wp\/v2\/users\/1"}],"replies":[{"embeddable":true,"href":"https:\/\/www.ffetiquetas.com.br\/blog\/wp-json\/wp\/v2\/comments?post=693"}],"version-history":[{"count":0,"href":"https:\/\/www.ffetiquetas.com.br\/blog\/wp-json\/wp\/v2\/pages\/693\/revisions"}],"wp:featuredmedia":[{"embeddable":true,"href":"https:\/\/www.ffetiquetas.com.br\/blog\/wp-json\/"}],"wp:attachment":[{"href":"https:\/\/www.ffetiquetas.com.br\/blog\/wp-json\/wp\/v2\/media?parent=693"}],"curies":[{"name":"wp","href":"https:\/\/api.w.org\/{rel}","templated":true}]}}